{"id":957,"date":"2024-12-01T19:32:21","date_gmt":"2024-12-01T22:32:21","guid":{"rendered":"https:\/\/citywineryuy.com\/?post_type=product&#038;p=957"},"modified":"2026-03-19T17:57:32","modified_gmt":"2026-03-19T20:57:32","slug":"experiencia-360-uy-copa-de-vino","status":"publish","type":"product","link":"https:\/\/citywineryuy.com\/es\/producto\/experiencia-360-uy-copa-de-vino\/","title":{"rendered":"EXPERIENCIA 360\u00b0 UY + Copa de vino"},"content":{"rendered":"<p><span style=\"font-weight: 400;\">Explora la fascinante historia vitivin\u00edcola de Uruguay a trav\u00e9s de una experiencia inmersiva, donde cada rinc\u00f3n revela la pasi\u00f3n y tradici\u00f3n de nuestros vinos.\u00a0<\/span><\/p>\n","protected":false},"excerpt":{"rendered":"<p><span style=\"vertical-align: inherit;\"><span style=\"vertical-align: inherit;\"><span style=\"vertical-align: inherit;\"><span style=\"vertical-align: inherit;\"><span style=\"vertical-align: inherit;\"><span style=\"vertical-align: inherit;\"><span style=\"vertical-align: inherit;\"><span style=\"vertical-align: inherit;\"><span style=\"vertical-align: inherit;\"><span style=\"vertical-align: inherit;\"><span style=\"vertical-align: inherit;\"><span style=\"vertical-align: inherit;\">20 min &#8211; Mi\u00e9rcoles a Domingos<\/span><\/span><\/span><\/span><\/span><\/span><\/span><\/span><\/span><\/span><\/span><\/span><\/p>\n","protected":false},"featured_media":1807,"template":"","meta":{"_acf_changed":false,"_joinchat":[]},"product_brand":[],"product_cat":[56],"product_tag":[],"class_list":{"0":"post-957","1":"product","2":"type-product","3":"status-publish","4":"has-post-thumbnail","6":"product_cat-show-vino-360","8":"first","9":"instock","10":"virtual","11":"sold-individually","12":"purchasable","13":"product-type-booking"},"exclude_global_add_ons":true,"addons":[{"name":"Traslado","type":"multiple_choice","position":0,"required":false,"title_format":"label","default":"","description_enable":true,"description":"Costo por persona ida y vuelta","placeholder_enable":false,"placeholder":"","display":"radiobutton","restrictions_type":"any_text","adjust_price":false,"price":"","price_type":"flat_fee","restrictions":false,"min":"0","max":"0","options":[{"label":"Traslado regular 13:00hs","price":"520","price_type":"quantity_based","image":0,"visibility":true},{"label":"Traslado regular 16:00hs","price":"520","price_type":"quantity_based","image":0,"visibility":true}],"id":1760972845},{"name":"SI SOLICIT\u00d3 TRASLADO, indique hotel de pick-up dentro de las zonas c\u00e9ntricas de Montevideo (Centro, Pocitos y Punta Carretas). El pick up del traslado comienza 45 minutos antes de la hora marcada en la reserva.","type":"custom_text","position":1,"required":false,"title_format":"label","default":"","description_enable":false,"description":"","placeholder_enable":false,"placeholder":"","display":"select","restrictions_type":"any_text","adjust_price":false,"price":"","price_type":"flat_fee","restrictions":false,"min":"0","max":"0","options":[],"id":1760972846}],"acf":[],"yoast_head":"<!-- This site is optimized with the Yoast SEO plugin v27.3 - https:\/\/yoast.com\/product\/yoast-seo-wordpress\/ -->\n<title>EXPERIENCIA 360\u00b0 UY + Copa de vino - City Winery<\/title>\n<meta name=\"description\" content=\"Explora la fascinante historia vitivin\u00edcola de Uruguay a trav\u00e9s de una experiencia inmersiva, donde revela la pasi\u00f3n y tradici\u00f3n de nuestros vinos.\" \/>\n<meta name=\"robots\" content=\"index, follow, max-snippet:-1, max-image-preview:large, max-video-preview:-1\" \/>\n<link rel=\"canonical\" href=\"https:\/\/citywineryuy.com\/es\/producto\/experiencia-360-uy-copa-de-vino\/\" \/>\n<meta property=\"og:locale\" content=\"es_ES\" \/>\n<meta property=\"og:type\" content=\"article\" \/>\n<meta property=\"og:title\" content=\"EXPERIENCIA 360\u00b0 UY + Copa de vino - City Winery\" \/>\n<meta property=\"og:description\" content=\"Explora la fascinante historia vitivin\u00edcola de Uruguay a trav\u00e9s de una experiencia inmersiva, donde revela la pasi\u00f3n y tradici\u00f3n de nuestros vinos.\" \/>\n<meta property=\"og:url\" content=\"https:\/\/citywineryuy.com\/es\/producto\/experiencia-360-uy-copa-de-vino\/\" \/>\n<meta property=\"og:site_name\" content=\"City Winery\" \/>\n<meta property=\"article:modified_time\" content=\"2026-03-19T20:57:32+00:00\" \/>\n<meta property=\"og:image\" content=\"https:\/\/citywineryuy.com\/wp-content\/uploads\/WhatsApp-Image-2025-09-08-at-14.23.41.jpeg\" \/>\n\t<meta property=\"og:image:width\" content=\"1280\" \/>\n\t<meta property=\"og:image:height\" content=\"849\" \/>\n\t<meta property=\"og:image:type\" content=\"image\/jpeg\" \/>\n<meta name=\"twitter:card\" content=\"summary_large_image\" \/>\n<meta name=\"twitter:label1\" content=\"Est. reading time\" \/>\n\t<meta name=\"twitter:data1\" content=\"1 minuto\" \/>\n<script type=\"application\/ld+json\" class=\"yoast-schema-graph\">{\"@context\":\"https:\\\/\\\/schema.org\",\"@graph\":[{\"@type\":\"WebPage\",\"@id\":\"https:\\\/\\\/citywineryuy.com\\\/producto\\\/experiencia-360-uy-copa-de-vino\\\/\",\"url\":\"https:\\\/\\\/citywineryuy.com\\\/producto\\\/experiencia-360-uy-copa-de-vino\\\/\",\"name\":\"EXPERIENCIA 360\u00b0 UY + Copa de vino - City Winery\",\"isPartOf\":{\"@id\":\"https:\\\/\\\/citywineryuy.com\\\/#website\"},\"primaryImageOfPage\":{\"@id\":\"https:\\\/\\\/citywineryuy.com\\\/producto\\\/experiencia-360-uy-copa-de-vino\\\/#primaryimage\"},\"image\":{\"@id\":\"https:\\\/\\\/citywineryuy.com\\\/producto\\\/experiencia-360-uy-copa-de-vino\\\/#primaryimage\"},\"thumbnailUrl\":\"https:\\\/\\\/citywineryuy.com\\\/wp-content\\\/uploads\\\/WhatsApp-Image-2025-09-08-at-14.23.41.jpeg\",\"datePublished\":\"2024-12-01T22:32:21+00:00\",\"dateModified\":\"2026-03-19T20:57:32+00:00\",\"description\":\"Explora la fascinante historia vitivin\u00edcola de Uruguay a trav\u00e9s de una experiencia inmersiva, donde revela la pasi\u00f3n y tradici\u00f3n de nuestros vinos.\",\"breadcrumb\":{\"@id\":\"https:\\\/\\\/citywineryuy.com\\\/producto\\\/experiencia-360-uy-copa-de-vino\\\/#breadcrumb\"},\"inLanguage\":\"es-UY\",\"potentialAction\":[{\"@type\":\"ReadAction\",\"target\":[\"https:\\\/\\\/citywineryuy.com\\\/producto\\\/experiencia-360-uy-copa-de-vino\\\/\"]}]},{\"@type\":\"ImageObject\",\"inLanguage\":\"es-UY\",\"@id\":\"https:\\\/\\\/citywineryuy.com\\\/producto\\\/experiencia-360-uy-copa-de-vino\\\/#primaryimage\",\"url\":\"https:\\\/\\\/citywineryuy.com\\\/wp-content\\\/uploads\\\/WhatsApp-Image-2025-09-08-at-14.23.41.jpeg\",\"contentUrl\":\"https:\\\/\\\/citywineryuy.com\\\/wp-content\\\/uploads\\\/WhatsApp-Image-2025-09-08-at-14.23.41.jpeg\",\"width\":1280,\"height\":849},{\"@type\":\"BreadcrumbList\",\"@id\":\"https:\\\/\\\/citywineryuy.com\\\/producto\\\/experiencia-360-uy-copa-de-vino\\\/#breadcrumb\",\"itemListElement\":[{\"@type\":\"ListItem\",\"position\":1,\"name\":\"Inicio\",\"item\":\"https:\\\/\\\/citywineryuy.com\\\/es\\\/\"},{\"@type\":\"ListItem\",\"position\":2,\"name\":\"Productos\",\"item\":\"https:\\\/\\\/citywineryuy.com\\\/tienda\\\/\"},{\"@type\":\"ListItem\",\"position\":3,\"name\":\"EXPERIENCIA 360\u00b0 UY + Copa de vino\"}]},{\"@type\":\"WebSite\",\"@id\":\"https:\\\/\\\/citywineryuy.com\\\/#website\",\"url\":\"https:\\\/\\\/citywineryuy.com\\\/\",\"name\":\"City Winery\",\"description\":\"Una bodega en el coraz\u00f3n de Montevideo\",\"publisher\":{\"@id\":\"https:\\\/\\\/citywineryuy.com\\\/#organization\"},\"alternateName\":\"City Winery\",\"potentialAction\":[{\"@type\":\"SearchAction\",\"target\":{\"@type\":\"EntryPoint\",\"urlTemplate\":\"https:\\\/\\\/citywineryuy.com\\\/?s={search_term_string}\"},\"query-input\":{\"@type\":\"PropertyValueSpecification\",\"valueRequired\":true,\"valueName\":\"search_term_string\"}}],\"inLanguage\":\"es-UY\"},{\"@type\":\"Organization\",\"@id\":\"https:\\\/\\\/citywineryuy.com\\\/#organization\",\"name\":\"City Winery\",\"alternateName\":\"City Winery\",\"url\":\"https:\\\/\\\/citywineryuy.com\\\/\",\"logo\":{\"@type\":\"ImageObject\",\"inLanguage\":\"es-UY\",\"@id\":\"https:\\\/\\\/citywineryuy.com\\\/#\\\/schema\\\/logo\\\/image\\\/\",\"url\":\"https:\\\/\\\/citywineryuy.com\\\/wp-content\\\/uploads\\\/CityWinery-logo-b.svg\",\"contentUrl\":\"https:\\\/\\\/citywineryuy.com\\\/wp-content\\\/uploads\\\/CityWinery-logo-b.svg\",\"width\":227,\"height\":227,\"caption\":\"City Winery\"},\"image\":{\"@id\":\"https:\\\/\\\/citywineryuy.com\\\/#\\\/schema\\\/logo\\\/image\\\/\"},\"sameAs\":[\"https:\\\/\\\/www.instagram.com\\\/citywinery_uy\\\/\"]}]}<\/script>\n<!-- \/ Yoast SEO plugin. -->","yoast_head_json":{"title":"EXPERIENCIA 360\u00b0 UY + Copa de vino - City Winery","description":"Explora la fascinante historia vitivin\u00edcola de Uruguay a trav\u00e9s de una experiencia inmersiva, donde revela la pasi\u00f3n y tradici\u00f3n de nuestros vinos.","robots":{"index":"index","follow":"follow","max-snippet":"max-snippet:-1","max-image-preview":"max-image-preview:large","max-video-preview":"max-video-preview:-1"},"canonical":"https:\/\/citywineryuy.com\/es\/producto\/experiencia-360-uy-copa-de-vino\/","og_locale":"es_ES","og_type":"article","og_title":"EXPERIENCIA 360\u00b0 UY + Copa de vino - City Winery","og_description":"Explora la fascinante historia vitivin\u00edcola de Uruguay a trav\u00e9s de una experiencia inmersiva, donde revela la pasi\u00f3n y tradici\u00f3n de nuestros vinos.","og_url":"https:\/\/citywineryuy.com\/es\/producto\/experiencia-360-uy-copa-de-vino\/","og_site_name":"City Winery","article_modified_time":"2026-03-19T20:57:32+00:00","og_image":[{"width":1280,"height":849,"url":"https:\/\/citywineryuy.com\/wp-content\/uploads\/WhatsApp-Image-2025-09-08-at-14.23.41.jpeg","type":"image\/jpeg"}],"twitter_card":"summary_large_image","twitter_misc":{"Est. reading time":"1 minuto"},"schema":{"@context":"https:\/\/schema.org","@graph":[{"@type":"WebPage","@id":"https:\/\/citywineryuy.com\/producto\/experiencia-360-uy-copa-de-vino\/","url":"https:\/\/citywineryuy.com\/producto\/experiencia-360-uy-copa-de-vino\/","name":"EXPERIENCIA 360\u00b0 UY + Copa de vino - City Winery","isPartOf":{"@id":"https:\/\/citywineryuy.com\/#website"},"primaryImageOfPage":{"@id":"https:\/\/citywineryuy.com\/producto\/experiencia-360-uy-copa-de-vino\/#primaryimage"},"image":{"@id":"https:\/\/citywineryuy.com\/producto\/experiencia-360-uy-copa-de-vino\/#primaryimage"},"thumbnailUrl":"https:\/\/citywineryuy.com\/wp-content\/uploads\/WhatsApp-Image-2025-09-08-at-14.23.41.jpeg","datePublished":"2024-12-01T22:32:21+00:00","dateModified":"2026-03-19T20:57:32+00:00","description":"Explora la fascinante historia vitivin\u00edcola de Uruguay a trav\u00e9s de una experiencia inmersiva, donde revela la pasi\u00f3n y tradici\u00f3n de nuestros vinos.","breadcrumb":{"@id":"https:\/\/citywineryuy.com\/producto\/experiencia-360-uy-copa-de-vino\/#breadcrumb"},"inLanguage":"es-UY","potentialAction":[{"@type":"ReadAction","target":["https:\/\/citywineryuy.com\/producto\/experiencia-360-uy-copa-de-vino\/"]}]},{"@type":"ImageObject","inLanguage":"es-UY","@id":"https:\/\/citywineryuy.com\/producto\/experiencia-360-uy-copa-de-vino\/#primaryimage","url":"https:\/\/citywineryuy.com\/wp-content\/uploads\/WhatsApp-Image-2025-09-08-at-14.23.41.jpeg","contentUrl":"https:\/\/citywineryuy.com\/wp-content\/uploads\/WhatsApp-Image-2025-09-08-at-14.23.41.jpeg","width":1280,"height":849},{"@type":"BreadcrumbList","@id":"https:\/\/citywineryuy.com\/producto\/experiencia-360-uy-copa-de-vino\/#breadcrumb","itemListElement":[{"@type":"ListItem","position":1,"name":"Inicio","item":"https:\/\/citywineryuy.com\/es\/"},{"@type":"ListItem","position":2,"name":"Productos","item":"https:\/\/citywineryuy.com\/tienda\/"},{"@type":"ListItem","position":3,"name":"EXPERIENCIA 360\u00b0 UY + Copa de vino"}]},{"@type":"WebSite","@id":"https:\/\/citywineryuy.com\/#website","url":"https:\/\/citywineryuy.com\/","name":"City Winery","description":"Una bodega en el coraz\u00f3n de Montevideo","publisher":{"@id":"https:\/\/citywineryuy.com\/#organization"},"alternateName":"City Winery","potentialAction":[{"@type":"SearchAction","target":{"@type":"EntryPoint","urlTemplate":"https:\/\/citywineryuy.com\/?s={search_term_string}"},"query-input":{"@type":"PropertyValueSpecification","valueRequired":true,"valueName":"search_term_string"}}],"inLanguage":"es-UY"},{"@type":"Organization","@id":"https:\/\/citywineryuy.com\/#organization","name":"City Winery","alternateName":"City Winery","url":"https:\/\/citywineryuy.com\/","logo":{"@type":"ImageObject","inLanguage":"es-UY","@id":"https:\/\/citywineryuy.com\/#\/schema\/logo\/image\/","url":"https:\/\/citywineryuy.com\/wp-content\/uploads\/CityWinery-logo-b.svg","contentUrl":"https:\/\/citywineryuy.com\/wp-content\/uploads\/CityWinery-logo-b.svg","width":227,"height":227,"caption":"City Winery"},"image":{"@id":"https:\/\/citywineryuy.com\/#\/schema\/logo\/image\/"},"sameAs":["https:\/\/www.instagram.com\/citywinery_uy\/"]}]}},"_links":{"self":[{"href":"https:\/\/citywineryuy.com\/es\/wp-json\/wp\/v2\/product\/957","targetHints":{"allow":["GET"]}}],"collection":[{"href":"https:\/\/citywineryuy.com\/es\/wp-json\/wp\/v2\/product"}],"about":[{"href":"https:\/\/citywineryuy.com\/es\/wp-json\/wp\/v2\/types\/product"}],"wp:featuredmedia":[{"embeddable":true,"href":"https:\/\/citywineryuy.com\/es\/wp-json\/wp\/v2\/media\/1807"}],"wp:attachment":[{"href":"https:\/\/citywineryuy.com\/es\/wp-json\/wp\/v2\/media?parent=957"}],"wp:term":[{"taxonomy":"product_brand","embeddable":true,"href":"https:\/\/citywineryuy.com\/es\/wp-json\/wp\/v2\/product_brand?post=957"},{"taxonomy":"product_cat","embeddable":true,"href":"https:\/\/citywineryuy.com\/es\/wp-json\/wp\/v2\/product_cat?post=957"},{"taxonomy":"product_tag","embeddable":true,"href":"https:\/\/citywineryuy.com\/es\/wp-json\/wp\/v2\/product_tag?post=957"}],"curies":[{"name":"wp","href":"https:\/\/api.w.org\/{rel}","templated":true}]}}