{"id":910,"date":"2024-12-03T18:12:30","date_gmt":"2024-12-03T21:12:30","guid":{"rendered":"https:\/\/citywineryuy.com\/?post_type=product&#038;p=910"},"modified":"2026-04-08T15:59:50","modified_gmt":"2026-04-08T18:59:50","slug":"cena-plan-city","status":"publish","type":"product","link":"https:\/\/citywineryuy.com\/pt\/producto\/cena-plan-city\/","title":{"rendered":"CENA: PLAN-CITY para 2 personas"},"content":{"rendered":"<p>El plan perfecto <strong>para compartir.<\/strong><br \/>\nIncluye 2 tickets: 1 entrada para compartir, 2 platos principales, 1 postre y 2 vermouth o 2 tintos de verano.<br \/>\nLos platos principales se eligen directamente de la carta.<br \/>\nIncluye cubierto, agua mineral y panera. <strong>Valor v\u00e1lido para 2 personas.<\/strong><\/p>","protected":false},"excerpt":{"rendered":"<p>Todos los d\u00edas <strong>(martes cerrado)<\/strong><\/p>","protected":false},"featured_media":1401,"template":"","meta":{"_acf_changed":false,"_joinchat":[]},"product_brand":[],"product_cat":[57],"product_tag":[],"class_list":{"0":"post-910","1":"product","2":"type-product","3":"status-publish","4":"has-post-thumbnail","6":"product_cat-move","8":"first","9":"instock","10":"virtual","11":"sold-individually","12":"purchasable","13":"product-type-booking"},"exclude_global_add_ons":true,"addons":[{"name":"Traslado","type":"multiple_choice","position":0,"required":false,"title_format":"label","default":"","description_enable":true,"description":"Custo por pessoa ida e volta","placeholder_enable":false,"placeholder":"","display":"radiobutton","restrictions_type":"any_text","adjust_price":false,"price":"","price_type":"flat_fee","restrictions":false,"min":"0","max":"0","options":[{"label":"Traslado regular 20:00hs","price":"520","price_type":"quantity_based","image":0,"visibility":true}],"id":1760972620},{"name":"CASO SOLICITE TRANSFER, indique o hotel de retirada nas \u00e1reas centrais de Montevid\u00e9u (Centro, Pocitos e Punta Carretas). A retirada do transfer come\u00e7a 45 minutos antes do hor\u00e1rio marcado na reserva.","type":"custom_text","position":1,"required":false,"title_format":"label","default":"","description_enable":false,"description":"","placeholder_enable":false,"placeholder":"","display":"select","restrictions_type":"any_text","adjust_price":false,"price":"","price_type":"flat_fee","restrictions":false,"min":"0","max":"0","options":[],"id":1760972621}],"acf":[],"yoast_head":"<!-- This site is optimized with the Yoast SEO plugin v27.3 - https:\/\/yoast.com\/product\/yoast-seo-wordpress\/ -->\n<title>CENA: PLAN-CITY para 2 personas - City Winery<\/title>\n<meta name=\"description\" content=\"Explora la fascinante historia vitivin\u00edcola de Uruguay a trav\u00e9s de una experiencia inmersiva, donde revela la pasi\u00f3n y tradici\u00f3n de nuestros vinos.\" \/>\n<meta name=\"robots\" content=\"index, follow, max-snippet:-1, max-image-preview:large, max-video-preview:-1\" \/>\n<link rel=\"canonical\" href=\"https:\/\/citywineryuy.com\/pt\/producto\/cena-plan-city\/\" \/>\n<meta property=\"og:locale\" content=\"pt_BR\" \/>\n<meta property=\"og:type\" content=\"article\" \/>\n<meta property=\"og:title\" content=\"CENA: PLAN-CITY para 2 personas - City Winery\" \/>\n<meta property=\"og:description\" content=\"Explora la fascinante historia vitivin\u00edcola de Uruguay a trav\u00e9s de una experiencia inmersiva, donde revela la pasi\u00f3n y tradici\u00f3n de nuestros vinos.\" \/>\n<meta property=\"og:url\" content=\"https:\/\/citywineryuy.com\/pt\/producto\/cena-plan-city\/\" \/>\n<meta property=\"og:site_name\" content=\"City Winery\" \/>\n<meta property=\"article:modified_time\" content=\"2026-04-08T18:59:50+00:00\" \/>\n<meta property=\"og:image\" content=\"https:\/\/citywineryuy.com\/wp-content\/uploads\/Foto-web-213x350-px-Show-Move-Clasico-Oriental.webp\" \/>\n\t<meta property=\"og:image:width\" content=\"213\" \/>\n\t<meta property=\"og:image:height\" content=\"350\" \/>\n\t<meta property=\"og:image:type\" content=\"image\/webp\" \/>\n<meta name=\"twitter:card\" content=\"summary_large_image\" \/>\n<meta name=\"twitter:label1\" content=\"Est. tempo de leitura\" \/>\n\t<meta name=\"twitter:data1\" content=\"1 minuto\" \/>\n<script type=\"application\/ld+json\" class=\"yoast-schema-graph\">{\"@context\":\"https:\\\/\\\/schema.org\",\"@graph\":[{\"@type\":\"WebPage\",\"@id\":\"https:\\\/\\\/citywineryuy.com\\\/producto\\\/cena-plan-city\\\/\",\"url\":\"https:\\\/\\\/citywineryuy.com\\\/producto\\\/cena-plan-city\\\/\",\"name\":\"CENA: PLAN-CITY para 2 personas - City Winery\",\"isPartOf\":{\"@id\":\"https:\\\/\\\/citywineryuy.com\\\/#website\"},\"primaryImageOfPage\":{\"@id\":\"https:\\\/\\\/citywineryuy.com\\\/producto\\\/cena-plan-city\\\/#primaryimage\"},\"image\":{\"@id\":\"https:\\\/\\\/citywineryuy.com\\\/producto\\\/cena-plan-city\\\/#primaryimage\"},\"thumbnailUrl\":\"https:\\\/\\\/citywineryuy.com\\\/wp-content\\\/uploads\\\/Foto-web-213x350-px-Show-Move-Clasico-Oriental.webp\",\"datePublished\":\"2024-12-03T21:12:30+00:00\",\"dateModified\":\"2026-04-08T18:59:50+00:00\",\"description\":\"Explora la fascinante historia vitivin\u00edcola de Uruguay a trav\u00e9s de una experiencia inmersiva, donde revela la pasi\u00f3n y tradici\u00f3n de nuestros vinos.\",\"breadcrumb\":{\"@id\":\"https:\\\/\\\/citywineryuy.com\\\/producto\\\/cena-plan-city\\\/#breadcrumb\"},\"inLanguage\":\"pt-BR\",\"potentialAction\":[{\"@type\":\"ReadAction\",\"target\":[\"https:\\\/\\\/citywineryuy.com\\\/producto\\\/cena-plan-city\\\/\"]}]},{\"@type\":\"ImageObject\",\"inLanguage\":\"pt-BR\",\"@id\":\"https:\\\/\\\/citywineryuy.com\\\/producto\\\/cena-plan-city\\\/#primaryimage\",\"url\":\"https:\\\/\\\/citywineryuy.com\\\/wp-content\\\/uploads\\\/Foto-web-213x350-px-Show-Move-Clasico-Oriental.webp\",\"contentUrl\":\"https:\\\/\\\/citywineryuy.com\\\/wp-content\\\/uploads\\\/Foto-web-213x350-px-Show-Move-Clasico-Oriental.webp\",\"width\":213,\"height\":350,\"caption\":\"Sum\u00e9rgete en la cultura uruguaya a trav\u00e9s de la m\u00fasica y la danza + Cena Maridaje \u201cCl\u00e1sica Oriental\u201d. Incluye: 2 copas de vino Don Pr\u00f3spero + 2 Picadas + caf\u00e9\"},{\"@type\":\"BreadcrumbList\",\"@id\":\"https:\\\/\\\/citywineryuy.com\\\/producto\\\/cena-plan-city\\\/#breadcrumb\",\"itemListElement\":[{\"@type\":\"ListItem\",\"position\":1,\"name\":\"Inicio\",\"item\":\"https:\\\/\\\/citywineryuy.com\\\/es\\\/\"},{\"@type\":\"ListItem\",\"position\":2,\"name\":\"Productos\",\"item\":\"https:\\\/\\\/citywineryuy.com\\\/tienda\\\/\"},{\"@type\":\"ListItem\",\"position\":3,\"name\":\"CENA: PLAN-CITY para 2 personas\"}]},{\"@type\":\"WebSite\",\"@id\":\"https:\\\/\\\/citywineryuy.com\\\/#website\",\"url\":\"https:\\\/\\\/citywineryuy.com\\\/\",\"name\":\"City Winery\",\"description\":\"Una bodega en el coraz\u00f3n de Montevideo\",\"publisher\":{\"@id\":\"https:\\\/\\\/citywineryuy.com\\\/#organization\"},\"alternateName\":\"City Winery\",\"potentialAction\":[{\"@type\":\"SearchAction\",\"target\":{\"@type\":\"EntryPoint\",\"urlTemplate\":\"https:\\\/\\\/citywineryuy.com\\\/?s={search_term_string}\"},\"query-input\":{\"@type\":\"PropertyValueSpecification\",\"valueRequired\":true,\"valueName\":\"search_term_string\"}}],\"inLanguage\":\"pt-BR\"},{\"@type\":\"Organization\",\"@id\":\"https:\\\/\\\/citywineryuy.com\\\/#organization\",\"name\":\"City Winery\",\"alternateName\":\"City Winery\",\"url\":\"https:\\\/\\\/citywineryuy.com\\\/\",\"logo\":{\"@type\":\"ImageObject\",\"inLanguage\":\"pt-BR\",\"@id\":\"https:\\\/\\\/citywineryuy.com\\\/#\\\/schema\\\/logo\\\/image\\\/\",\"url\":\"https:\\\/\\\/citywineryuy.com\\\/wp-content\\\/uploads\\\/CityWinery-logo-b.svg\",\"contentUrl\":\"https:\\\/\\\/citywineryuy.com\\\/wp-content\\\/uploads\\\/CityWinery-logo-b.svg\",\"width\":227,\"height\":227,\"caption\":\"City Winery\"},\"image\":{\"@id\":\"https:\\\/\\\/citywineryuy.com\\\/#\\\/schema\\\/logo\\\/image\\\/\"},\"sameAs\":[\"https:\\\/\\\/www.instagram.com\\\/citywinery_uy\\\/\"]}]}<\/script>\n<!-- \/ Yoast SEO plugin. -->","yoast_head_json":{"title":"CENA: PLAN-CITY para 2 personas - City Winery","description":"Explora la fascinante historia vitivin\u00edcola de Uruguay a trav\u00e9s de una experiencia inmersiva, donde revela la pasi\u00f3n y tradici\u00f3n de nuestros vinos.","robots":{"index":"index","follow":"follow","max-snippet":"max-snippet:-1","max-image-preview":"max-image-preview:large","max-video-preview":"max-video-preview:-1"},"canonical":"https:\/\/citywineryuy.com\/pt\/producto\/cena-plan-city\/","og_locale":"pt_BR","og_type":"article","og_title":"CENA: PLAN-CITY para 2 personas - City Winery","og_description":"Explora la fascinante historia vitivin\u00edcola de Uruguay a trav\u00e9s de una experiencia inmersiva, donde revela la pasi\u00f3n y tradici\u00f3n de nuestros vinos.","og_url":"https:\/\/citywineryuy.com\/pt\/producto\/cena-plan-city\/","og_site_name":"City Winery","article_modified_time":"2026-04-08T18:59:50+00:00","og_image":[{"width":213,"height":350,"url":"https:\/\/citywineryuy.com\/wp-content\/uploads\/Foto-web-213x350-px-Show-Move-Clasico-Oriental.webp","type":"image\/webp"}],"twitter_card":"summary_large_image","twitter_misc":{"Est. tempo de leitura":"1 minuto"},"schema":{"@context":"https:\/\/schema.org","@graph":[{"@type":"WebPage","@id":"https:\/\/citywineryuy.com\/producto\/cena-plan-city\/","url":"https:\/\/citywineryuy.com\/producto\/cena-plan-city\/","name":"CENA: PLAN-CITY para 2 personas - City Winery","isPartOf":{"@id":"https:\/\/citywineryuy.com\/#website"},"primaryImageOfPage":{"@id":"https:\/\/citywineryuy.com\/producto\/cena-plan-city\/#primaryimage"},"image":{"@id":"https:\/\/citywineryuy.com\/producto\/cena-plan-city\/#primaryimage"},"thumbnailUrl":"https:\/\/citywineryuy.com\/wp-content\/uploads\/Foto-web-213x350-px-Show-Move-Clasico-Oriental.webp","datePublished":"2024-12-03T21:12:30+00:00","dateModified":"2026-04-08T18:59:50+00:00","description":"Explora la fascinante historia vitivin\u00edcola de Uruguay a trav\u00e9s de una experiencia inmersiva, donde revela la pasi\u00f3n y tradici\u00f3n de nuestros vinos.","breadcrumb":{"@id":"https:\/\/citywineryuy.com\/producto\/cena-plan-city\/#breadcrumb"},"inLanguage":"pt-BR","potentialAction":[{"@type":"ReadAction","target":["https:\/\/citywineryuy.com\/producto\/cena-plan-city\/"]}]},{"@type":"ImageObject","inLanguage":"pt-BR","@id":"https:\/\/citywineryuy.com\/producto\/cena-plan-city\/#primaryimage","url":"https:\/\/citywineryuy.com\/wp-content\/uploads\/Foto-web-213x350-px-Show-Move-Clasico-Oriental.webp","contentUrl":"https:\/\/citywineryuy.com\/wp-content\/uploads\/Foto-web-213x350-px-Show-Move-Clasico-Oriental.webp","width":213,"height":350,"caption":"Sum\u00e9rgete en la cultura uruguaya a trav\u00e9s de la m\u00fasica y la danza + Cena Maridaje \u201cCl\u00e1sica Oriental\u201d. Incluye: 2 copas de vino Don Pr\u00f3spero + 2 Picadas + caf\u00e9"},{"@type":"BreadcrumbList","@id":"https:\/\/citywineryuy.com\/producto\/cena-plan-city\/#breadcrumb","itemListElement":[{"@type":"ListItem","position":1,"name":"Inicio","item":"https:\/\/citywineryuy.com\/es\/"},{"@type":"ListItem","position":2,"name":"Productos","item":"https:\/\/citywineryuy.com\/tienda\/"},{"@type":"ListItem","position":3,"name":"CENA: PLAN-CITY para 2 personas"}]},{"@type":"WebSite","@id":"https:\/\/citywineryuy.com\/#website","url":"https:\/\/citywineryuy.com\/","name":"City Winery","description":"Una bodega en el coraz\u00f3n de Montevideo","publisher":{"@id":"https:\/\/citywineryuy.com\/#organization"},"alternateName":"City Winery","potentialAction":[{"@type":"SearchAction","target":{"@type":"EntryPoint","urlTemplate":"https:\/\/citywineryuy.com\/?s={search_term_string}"},"query-input":{"@type":"PropertyValueSpecification","valueRequired":true,"valueName":"search_term_string"}}],"inLanguage":"pt-BR"},{"@type":"Organization","@id":"https:\/\/citywineryuy.com\/#organization","name":"City Winery","alternateName":"City Winery","url":"https:\/\/citywineryuy.com\/","logo":{"@type":"ImageObject","inLanguage":"pt-BR","@id":"https:\/\/citywineryuy.com\/#\/schema\/logo\/image\/","url":"https:\/\/citywineryuy.com\/wp-content\/uploads\/CityWinery-logo-b.svg","contentUrl":"https:\/\/citywineryuy.com\/wp-content\/uploads\/CityWinery-logo-b.svg","width":227,"height":227,"caption":"City Winery"},"image":{"@id":"https:\/\/citywineryuy.com\/#\/schema\/logo\/image\/"},"sameAs":["https:\/\/www.instagram.com\/citywinery_uy\/"]}]}},"_links":{"self":[{"href":"https:\/\/citywineryuy.com\/pt\/wp-json\/wp\/v2\/product\/910","targetHints":{"allow":["GET"]}}],"collection":[{"href":"https:\/\/citywineryuy.com\/pt\/wp-json\/wp\/v2\/product"}],"about":[{"href":"https:\/\/citywineryuy.com\/pt\/wp-json\/wp\/v2\/types\/product"}],"wp:featuredmedia":[{"embeddable":true,"href":"https:\/\/citywineryuy.com\/pt\/wp-json\/wp\/v2\/media\/1401"}],"wp:attachment":[{"href":"https:\/\/citywineryuy.com\/pt\/wp-json\/wp\/v2\/media?parent=910"}],"wp:term":[{"taxonomy":"product_brand","embeddable":true,"href":"https:\/\/citywineryuy.com\/pt\/wp-json\/wp\/v2\/product_brand?post=910"},{"taxonomy":"product_cat","embeddable":true,"href":"https:\/\/citywineryuy.com\/pt\/wp-json\/wp\/v2\/product_cat?post=910"},{"taxonomy":"product_tag","embeddable":true,"href":"https:\/\/citywineryuy.com\/pt\/wp-json\/wp\/v2\/product_tag?post=910"}],"curies":[{"name":"wp","href":"https:\/\/api.w.org\/{rel}","templated":true}]}}